{"id":413,"date":"2025-11-04T14:59:25","date_gmt":"2025-11-04T13:59:25","guid":{"rendered":"https:\/\/agence-synea.com\/?page_id=413"},"modified":"2025-11-05T15:33:54","modified_gmt":"2025-11-05T14:33:54","slug":"outils","status":"publish","type":"page","link":"https:\/\/agence-synea.com\/index.php\/outils\/","title":{"rendered":"Outils"},"content":{"rendered":"\n<h2 class=\"wp-block-heading\">R\u00e9v\u00e9ler le potentiel de votre entreprise<\/h2>\n\n\n\n<div style=\"height:20px\" aria-hidden=\"true\" class=\"wp-block-spacer\"><\/div>\n\n\n\n<div class=\"wp-block-group is-nowrap is-layout-flex wp-container-core-group-is-layout-6c531013 wp-block-group-is-layout-flex\">\n<h3 class=\"wp-block-heading has-primary-color has-text-color has-link-color wp-elements-0083980ff978e1e9f482af554c4e751a\">Evaluez votre entreprise, identifiez vos leviers, passez \u00e0 l\u2019action !<\/h3>\n\n\n\n<p class=\"has-text-align-left\">D\u00e9couvrez une s\u00e9lection d\u2019outils pour vous<strong> aider \u00e0 mieux comprendre vos leviers de performance. <\/strong><br>Audits, diagnostics d\u2019engagement ou questionnaires interactifs : \u00e9valuez facilement l\u2019efficacit\u00e9 de vos pratiques !<\/p>\n<\/div>\n\n\n\n<p class=\"has-text-align-center has-base-color has-text-color has-link-color wp-elements-b609a1f92823571b9a024efc999825eb\">Ces outils sont une premi\u00e8re \u00e9tape vers un <strong>accompagnement personnalis\u00e9 et durable.<\/strong><\/p>\n\n\n\n<hr class=\"wp-block-separator has-alpha-channel-opacity\"\/>\n\n\n\n<div style=\"height:20px\" aria-hidden=\"true\" class=\"wp-block-spacer\"><\/div>\n\n\n\n<h4 class=\"wp-block-heading has-text-align-center has-secondary-color has-text-color has-link-color wp-elements-afc3d152c23fa01f41a05375ec278b4f\"><span style=\"text-decoration: underline;\">Audit : Com&rsquo; Interne et Exp\u00e9rience Collaborateur<\/span><\/h4>\n\n\n\n<p class=\"has-text-align-center\">B\u00e9n\u00e9ficiez d\u2019un <strong><span style=\"text-decoration: underline;\">pr\u00e9-diagnostic gratuit<\/span><\/strong> pour r\u00e9v\u00e9ler les forces et les axes d\u2019am\u00e9lioration de votre com&rsquo; interne et de l\u2019exp\u00e9rience collaborateur, premi\u00e8re \u00e9tape pour <strong>renforcer l\u2019engagement au sein de votre entreprise.<\/strong><\/p>\n\n\n<style id=\"wpforms-css-vars-433-block-b07a356d-13eb-49fb-b2df-66ae75eeb6b5\">\n\t\t\t\t#wpforms-433.wpforms-block-b07a356d-13eb-49fb-b2df-66ae75eeb6b5 {\n\t\t\t\t--wpforms-field-size-input-height: 31px;\n--wpforms-field-size-input-spacing: 10px;\n--wpforms-field-size-font-size: 14px;\n--wpforms-field-size-line-height: 17px;\n--wpforms-field-size-padding-h: 9px;\n--wpforms-field-size-checkbox-size: 14px;\n--wpforms-field-size-sublabel-spacing: 5px;\n--wpforms-field-size-icon-size: 0.75;\n--wpforms-label-size-font-size: 16px;\n--wpforms-label-size-line-height: 19px;\n--wpforms-label-size-sublabel-font-size: 14px;\n--wpforms-label-size-sublabel-line-height: 17px;\n--wpforms-button-size-font-size: 14px;\n--wpforms-button-size-height: 37px;\n--wpforms-button-size-padding-h: 15px;\n--wpforms-button-size-margin-top: 5px;\n\t\t\t}\n\t\t\t<\/style><div class=\"wpforms-container wpforms-container-full wpforms-block wpforms-block-b07a356d-13eb-49fb-b2df-66ae75eeb6b5 wpforms-render-modern\" id=\"wpforms-433\"><form id=\"wpforms-form-433\" class=\"wpforms-validate wpforms-form wpforms-ajax-form\" data-formid=\"433\" method=\"post\" enctype=\"multipart\/form-data\" action=\"\/index.php\/wp-json\/wp\/v2\/pages\/413\" data-token=\"59ce3a0d9415a4f6f3477bb4159efe99\" data-token-time=\"1776380337\"><noscript class=\"wpforms-error-noscript\">Veuillez activer JavaScript dans votre navigateur pour remplir ce formulaire.<\/noscript><div id=\"wpforms-error-noscript\" style=\"display: none;\">Veuillez activer JavaScript dans votre navigateur pour remplir ce formulaire.<\/div><div class=\"wpforms-field-container\"><div id=\"wpforms-433-field_1-container\" class=\"wpforms-field wpforms-field-name\" data-field-id=\"1\"><fieldset><legend class=\"wpforms-field-label\">Pr\u00e9nom &amp; Nom <span class=\"wpforms-required-label\" aria-hidden=\"true\">*<\/span><\/legend><div class=\"wpforms-field-row wpforms-field-medium\"><div class=\"wpforms-field-row-block wpforms-first wpforms-one-half\"><input type=\"text\" id=\"wpforms-433-field_1\" class=\"wpforms-field-name-first wpforms-field-required\" name=\"wpforms[fields][1][first]\" aria-errormessage=\"wpforms-433-field_1-error\" required><label for=\"wpforms-433-field_1\" class=\"wpforms-field-sublabel after\">Pr\u00e9nom<\/label><\/div><div class=\"wpforms-field-row-block wpforms-one-half\"><input type=\"text\" id=\"wpforms-433-field_1-last\" class=\"wpforms-field-name-last wpforms-field-required\" name=\"wpforms[fields][1][last]\" aria-errormessage=\"wpforms-433-field_1-last-error\" required><label for=\"wpforms-433-field_1-last\" class=\"wpforms-field-sublabel after\">Nom<\/label><\/div><\/div><\/fieldset><\/div>\t\t<div id=\"wpforms-433-field_3-container\"\n\t\t\tclass=\"wpforms-field wpforms-field-text\"\n\t\t\tdata-field-type=\"text\"\n\t\t\tdata-field-id=\"3\"\n\t\t\t>\n\t\t\t<label class=\"wpforms-field-label\" for=\"wpforms-433-field_3\" >Adresse &amp; l&#039;entreprise<\/label>\n\t\t\t<input type=\"text\" id=\"wpforms-433-field_3\" class=\"wpforms-field-medium\" name=\"wpforms[fields][3]\" >\n\t\t<\/div>\n\t\t<div id=\"wpforms-433-field_2-container\" class=\"wpforms-field wpforms-field-email\" data-field-id=\"2\"><label class=\"wpforms-field-label\" for=\"wpforms-433-field_2\">Adresse E-mail <span class=\"wpforms-required-label\" aria-hidden=\"true\">*<\/span><\/label><input type=\"email\" id=\"wpforms-433-field_2\" class=\"wpforms-field-medium wpforms-field-required\" name=\"wpforms[fields][2]\" spellcheck=\"false\" aria-errormessage=\"wpforms-433-field_2-error\" required><\/div><div id=\"wpforms-433-field_5-container\" class=\"wpforms-field wpforms-field-text\" data-field-id=\"5\"><label class=\"wpforms-field-label\" for=\"wpforms-433-field_5\">Nom de l&#039;entreprise <span class=\"wpforms-required-label\" aria-hidden=\"true\">*<\/span><\/label><input type=\"text\" id=\"wpforms-433-field_5\" class=\"wpforms-field-medium wpforms-field-required\" name=\"wpforms[fields][5]\" aria-errormessage=\"wpforms-433-field_5-error\" required><\/div><script>\n\t\t\t\t( function() {\n\t\t\t\t\tconst style = document.createElement( 'style' );\n\t\t\t\t\tstyle.appendChild( document.createTextNode( '#wpforms-433-field_3-container { position: absolute !important; overflow: hidden !important; display: inline !important; height: 1px !important; width: 1px !important; z-index: -1000 !important; padding: 0 !important; } #wpforms-433-field_3-container input { visibility: hidden; } #wpforms-conversational-form-page #wpforms-433-field_3-container label { counter-increment: none; }' ) );\n\t\t\t\t\tdocument.head.appendChild( style );\n\t\t\t\t\tdocument.currentScript?.remove();\n\t\t\t\t} )();\n\t\t\t<\/script><\/div><!-- .wpforms-field-container --><div class=\"wpforms-submit-container\" ><input type=\"hidden\" name=\"wpforms[id]\" value=\"433\"><input type=\"hidden\" name=\"page_title\" value=\"\"><input type=\"hidden\" name=\"page_url\" value=\"https:\/\/agence-synea.com\/index.php\/wp-json\/wp\/v2\/pages\/413\"><input type=\"hidden\" name=\"url_referer\" value=\"\"><button type=\"submit\" name=\"wpforms[submit]\" id=\"wpforms-submit-433\" class=\"wpforms-submit\" data-alt-text=\"Envoi...\" data-submit-text=\"Envoyer\" aria-live=\"assertive\" value=\"wpforms-submit\">Envoyer<\/button><img decoding=\"async\" src=\"https:\/\/agence-synea.com\/wp-content\/plugins\/wpforms-lite\/assets\/images\/submit-spin.svg\" class=\"wpforms-submit-spinner\" style=\"display: none;\" width=\"26\" height=\"26\" alt=\"Chargement en cours\"><\/div><\/form><\/div>  <!-- .wpforms-container -->\n\n\n<hr class=\"wp-block-separator has-alpha-channel-opacity\"\/>\n","protected":false},"excerpt":{"rendered":"<p>R\u00e9v\u00e9ler le potentiel de votre entreprise Evaluez votre entreprise, identifiez vos leviers, passez \u00e0 l\u2019action ! D\u00e9couvrez une s\u00e9lection d\u2019outils pour vous aider \u00e0 mieux comprendre vos leviers de performance. Audits, diagnostics d\u2019engagement ou questionnaires interactifs : \u00e9valuez facilement l\u2019efficacit\u00e9 de vos pratiques ! Ces outils sont une premi\u00e8re \u00e9tape vers un accompagnement personnalis\u00e9 et [&hellip;]<\/p>\n","protected":false},"author":1,"featured_media":0,"parent":0,"menu_order":0,"comment_status":"closed","ping_status":"closed","template":"","meta":{"footnotes":""},"class_list":["post-413","page","type-page","status-publish","hentry"],"_links":{"self":[{"href":"https:\/\/agence-synea.com\/index.php\/wp-json\/wp\/v2\/pages\/413","targetHints":{"allow":["GET"]}}],"collection":[{"href":"https:\/\/agence-synea.com\/index.php\/wp-json\/wp\/v2\/pages"}],"about":[{"href":"https:\/\/agence-synea.com\/index.php\/wp-json\/wp\/v2\/types\/page"}],"author":[{"embeddable":true,"href":"https:\/\/agence-synea.com\/index.php\/wp-json\/wp\/v2\/users\/1"}],"replies":[{"embeddable":true,"href":"https:\/\/agence-synea.com\/index.php\/wp-json\/wp\/v2\/comments?post=413"}],"version-history":[{"count":19,"href":"https:\/\/agence-synea.com\/index.php\/wp-json\/wp\/v2\/pages\/413\/revisions"}],"predecessor-version":[{"id":465,"href":"https:\/\/agence-synea.com\/index.php\/wp-json\/wp\/v2\/pages\/413\/revisions\/465"}],"wp:attachment":[{"href":"https:\/\/agence-synea.com\/index.php\/wp-json\/wp\/v2\/media?parent=413"}],"curies":[{"name":"wp","href":"https:\/\/api.w.org\/{rel}","templated":true}]}}