{"id":386,"date":"2025-10-23T15:41:22","date_gmt":"2025-10-23T13:41:22","guid":{"rendered":"https:\/\/agence-synea.com\/?page_id=386"},"modified":"2025-11-05T15:03:19","modified_gmt":"2025-11-05T14:03:19","slug":"solutions","status":"publish","type":"page","link":"https:\/\/agence-synea.com\/index.php\/solutions\/","title":{"rendered":"Solutions"},"content":{"rendered":"\n<h2 class=\"wp-block-heading has-text-align-left\">Des solutions sur mesures pour votre entreprise<\/h2>\n\n\n\n<div style=\"height:20px\" aria-hidden=\"true\" class=\"wp-block-spacer\"><\/div>\n\n\n\n<div class=\"wp-block-group is-nowrap is-layout-flex wp-container-core-group-is-layout-6c531013 wp-block-group-is-layout-flex\">\n<h3 class=\"wp-block-heading has-primary-color has-text-color has-link-color wp-elements-9ab742573c7d1fc25f979a3240dd740e\">Transformez votre performance gr\u00e2ce \u00e0 l&rsquo;engagement de vos collaborateurs.<\/h3>\n\n\n\n<p>Simple et efficace, l&rsquo;agence Synea propose deux offres compl\u00e9mentaires pour <strong>placer l&rsquo;humain au c\u0153ur de votre strat\u00e9gie<\/strong> de performance.&nbsp;<\/p>\n<\/div>\n\n\n\n<hr class=\"wp-block-separator has-alpha-channel-opacity\"\/>\n\n\n\n<div style=\"height:20px\" aria-hidden=\"true\" class=\"wp-block-spacer\"><\/div>\n\n\n\n<h3 class=\"wp-block-heading has-text-align-center has-primary-color has-text-color has-link-color wp-elements-0a51573a804e17d642ba340ed1817c83\" id=\"offre-stratgique--audit--conseil\"><span style=\"text-decoration: underline;\">Offre Strat\u00e9gique<\/span> : Audit &amp; Conseil<\/h3>\n\n\n\n<p class=\"has-text-align-center\">Cette offre vous permet d&rsquo;obtenir une&nbsp;<strong>vision 360\u00b0 de votre organisation<\/strong>&nbsp;pour identifier les leviers d&rsquo;am\u00e9lioration en mati\u00e8re d&rsquo;engagement collaborateur. Vous priorisez vos investissements sur les actions \u00e0 plus fort impact et b\u00e9n\u00e9ficiez d&rsquo;un <strong>accompagnement expert pour s\u00e9curiser la mise en \u0153uvre<\/strong>. \u200b<\/p>\n\n\n\n<h4 class=\"wp-block-heading has-secondary-color has-text-color has-link-color wp-elements-2c703e8ce37509f66479ba63b48eaeed\">Composition de l&rsquo;offre :<\/h4>\n\n\n\n<p><strong>&#8211; Audit 360\u00b0 Exp\u00e9rience Collaborateur<\/strong>&nbsp;: Diagnostic complet pour identifier les points de friction et opportunit\u00e9s d&rsquo;am\u00e9lioration.<br><br><strong>&#8211; Plan d&rsquo;Action Strat\u00e9gique<\/strong>&nbsp;: Recommandations chiffr\u00e9es et prioris\u00e9es avec objectifs SMART pour mesurer l&rsquo;efficacit\u00e9 de vos actions.<br><br><strong>&#8211; Consulting Expert<\/strong>&nbsp;: Accompagnement personnalis\u00e9 sur 3 \u00e0 18 mois incluant points de suivi r\u00e9guliers, ajustements strat\u00e9giques et formation de vos \u00e9quipes.<br><br><strong>&#8211; S\u00e9lection d&rsquo;Outils<\/strong>&nbsp;: Comparatif et recommandations sur les solutions les plus adapt\u00e9es.<a href=\"https:\/\/www.sciencespo.fr\/executive-education\/fr\/programmes-pour-les-individus\/programmes-courts\/accompagnement-au-changement-et-communication-interne\/\" target=\"_blank\" rel=\"noreferrer noopener\"><\/a>\u200b<a href=\"https:\/\/sparkbay.com\/fr-fr\/culture-blog\/creer-plan-action-engagement-42\" target=\"_blank\" rel=\"noreferrer noopener\"><\/a>\u200b<a href=\"https:\/\/www.klaro.fr\/blog\/articles\/experience-collaborateur\" target=\"_blank\" rel=\"noreferrer noopener\"><\/a>\u200b<\/p>\n\n\n\n<div class=\"wp-block-group is-content-justification-center is-nowrap is-layout-flex wp-container-core-group-is-layout-23441af8 wp-block-group-is-layout-flex\">\n<figure class=\"wp-block-image size-large is-resized\"><img fetchpriority=\"high\" decoding=\"async\" width=\"1024\" height=\"819\" src=\"https:\/\/agence-synea.com\/wp-content\/uploads\/2025\/10\/Image-offre-site-6-1024x819.png\" alt=\"\" class=\"wp-image-391\" style=\"width:280px\" srcset=\"https:\/\/agence-synea.com\/wp-content\/uploads\/2025\/10\/Image-offre-site-6-1024x819.png 1024w, https:\/\/agence-synea.com\/wp-content\/uploads\/2025\/10\/Image-offre-site-6-300x240.png 300w, https:\/\/agence-synea.com\/wp-content\/uploads\/2025\/10\/Image-offre-site-6-768x614.png 768w, https:\/\/agence-synea.com\/wp-content\/uploads\/2025\/10\/Image-offre-site-6-1536x1229.png 1536w, https:\/\/agence-synea.com\/wp-content\/uploads\/2025\/10\/Image-offre-site-6.png 2000w\" sizes=\"(max-width: 1024px) 100vw, 1024px\" \/><\/figure>\n\n\n\n<div class=\"wp-block-group is-vertical is-layout-flex wp-container-core-group-is-layout-fe9cc265 wp-block-group-is-layout-flex\">\n<p><strong>En r\u00e9sum\u00e9 : <\/strong><\/p>\n\n\n\n<ul class=\"wp-block-list\">\n<li>Audit 360\u00b0 Exp\u00e9rience Collaborateur <\/li>\n\n\n\n<li>Plan d&rsquo;Action Strat\u00e9gique<\/li>\n\n\n\n<li>Consulting Expert <\/li>\n\n\n\n<li>S\u00e9lection d&rsquo;Outils <\/li>\n<\/ul>\n<\/div>\n<\/div>\n\n\n\n<hr class=\"wp-block-separator has-alpha-channel-opacity\"\/>\n\n\n\n<div style=\"height:20px\" aria-hidden=\"true\" class=\"wp-block-spacer\"><\/div>\n\n\n\n<h3 class=\"wp-block-heading has-text-align-center has-primary-color has-text-color has-link-color wp-elements-15e76ddcfc6386b4cd8daf786c118b05\" id=\"offre-oprationnelle--accompagnement-terrain\"><span style=\"text-decoration: underline;\">Offre Op\u00e9rationnelle<\/span> : Accompagnement Terrain<\/h3>\n\n\n\n<p class=\"has-text-align-center\"><strong>L&rsquo;Offre Op\u00e9rationnelle<\/strong> vous apporte une&nbsp;ex\u00e9cution de vos actions de communication interne<strong> sans mobiliser vos ressources internes<\/strong>. Elle garantit une animation dynamique de vos plateformes collaboratives et inclut un transfert de comp\u00e9tences \u00e0  vos \u00e9quipes.\u200b<\/p>\n\n\n\n<h4 class=\"wp-block-heading has-secondary-color has-text-color has-link-color wp-elements-20ed795902e7c06acd87aa7c16feccdc\">Composition de l&rsquo;offre<\/h4>\n\n\n\n<p><strong>&#8211; Production de Contenus<\/strong>&nbsp;: Cr\u00e9ation de newsletters internes, supports de communication, contenus pour r\u00e9seaux sociaux d&rsquo;entreprise adapt\u00e9s \u00e0 votre culture.<br><br><strong>&#8211; Animation de Communaut\u00e9s&nbsp;:<\/strong> Gestion de vos plateformes collaboratives incluant lancement de discussions, de sondages et valorisation des contributions des collaborateurs.<br><br><strong>&#8211; Formation des \u00c9quipes<\/strong>&nbsp;: Sessions pratiques pour monter en comp\u00e9tences vos \u00e9quipes sur les bonnes pratiques de communication interne.<br><br><strong>&#8211; Suivi de Performance<\/strong>&nbsp;: Tableaux de bord avec KPIs pertinents et analyses r\u00e9guli\u00e8res accompagn\u00e9es de recommandations d&rsquo;ajustement.<a href=\"https:\/\/www.cegos.fr\/formations\/communication\/deployer-une-communication-interne-engagee-et-cooperative\" target=\"_blank\" rel=\"noreferrer noopener\"><\/a>\u200b<a href=\"https:\/\/imagina.com\/fr\/blog\/article\/plateforme-collaborative\/\" target=\"_blank\" rel=\"noreferrer noopener\"><\/a>\u200b<a href=\"https:\/\/lively-software.com\/blog\/expertise\/creer-newsletter-interne-etapes-exemples\/\" target=\"_blank\" rel=\"noreferrer noopener\"><\/a>\u200b<\/p>\n\n\n\n<div class=\"wp-block-group is-content-justification-center is-nowrap is-layout-flex wp-container-core-group-is-layout-23441af8 wp-block-group-is-layout-flex\">\n<div class=\"wp-block-group is-vertical is-layout-flex wp-container-core-group-is-layout-fe9cc265 wp-block-group-is-layout-flex\">\n<p class=\"has-text-align-left\"><strong>En r\u00e9sum\u00e9 :<\/strong><\/p>\n\n\n\n<ul class=\"wp-block-list\">\n<li>Production de Contenus <\/li>\n\n\n\n<li>Animation de Communaut\u00e9s<\/li>\n\n\n\n<li>Formation des \u00c9quipes <\/li>\n\n\n\n<li>Suivi de Performance<\/li>\n<\/ul>\n<\/div>\n\n\n\n<figure class=\"wp-block-image size-large is-resized\"><img decoding=\"async\" width=\"1024\" height=\"819\" src=\"https:\/\/agence-synea.com\/wp-content\/uploads\/2025\/10\/Image-offre-site-7-1024x819.png\" alt=\"\" class=\"wp-image-392\" style=\"width:280px\" srcset=\"https:\/\/agence-synea.com\/wp-content\/uploads\/2025\/10\/Image-offre-site-7-1024x819.png 1024w, https:\/\/agence-synea.com\/wp-content\/uploads\/2025\/10\/Image-offre-site-7-300x240.png 300w, https:\/\/agence-synea.com\/wp-content\/uploads\/2025\/10\/Image-offre-site-7-768x614.png 768w, https:\/\/agence-synea.com\/wp-content\/uploads\/2025\/10\/Image-offre-site-7-1536x1229.png 1536w, https:\/\/agence-synea.com\/wp-content\/uploads\/2025\/10\/Image-offre-site-7.png 2000w\" sizes=\"(max-width: 1024px) 100vw, 1024px\" \/><\/figure>\n<\/div>\n\n\n\n<hr class=\"wp-block-separator has-alpha-channel-opacity\"\/>\n\n\n\n<div style=\"height:20px\" aria-hidden=\"true\" class=\"wp-block-spacer\"><\/div>\n\n\n\n<h3 class=\"wp-block-heading has-text-align-center has-primary-color has-text-color has-link-color wp-elements-5a65591ed1afb0e4a612217f9b3354b5\"><strong>Pr\u00eat \u00e0 transformer votre entreprise ?<\/strong><\/h3>\n\n\n\n<p class=\"has-text-align-center\">Contactez-nous pour construire ensemble la solution qui vous correspond.<\/p>\n\n\n\n<div class=\"wp-block-buttons is-content-justification-center is-layout-flex wp-container-core-buttons-is-layout-a89b3969 wp-block-buttons-is-layout-flex\">\n<div class=\"wp-block-button\"><a class=\"wp-block-button__link wp-element-button\" href=\"https:\/\/agence-synea.com\/index.php\/nous-contacter\/\"><strong>Nous contacter <\/strong><\/a><\/div>\n<\/div>\n","protected":false},"excerpt":{"rendered":"<p>Des solutions sur mesures pour votre entreprise Transformez votre performance gr\u00e2ce \u00e0 l&rsquo;engagement de vos collaborateurs. Simple et efficace, l&rsquo;agence Synea propose deux offres compl\u00e9mentaires pour placer l&rsquo;humain au c\u0153ur de votre strat\u00e9gie de performance.&nbsp; Offre Strat\u00e9gique : Audit &amp; Conseil Cette offre vous permet d&rsquo;obtenir une&nbsp;vision 360\u00b0 de votre organisation&nbsp;pour identifier les leviers d&rsquo;am\u00e9lioration [&hellip;]<\/p>\n","protected":false},"author":1,"featured_media":0,"parent":0,"menu_order":0,"comment_status":"closed","ping_status":"closed","template":"","meta":{"footnotes":""},"class_list":["post-386","page","type-page","status-publish","hentry"],"_links":{"self":[{"href":"https:\/\/agence-synea.com\/index.php\/wp-json\/wp\/v2\/pages\/386","targetHints":{"allow":["GET"]}}],"collection":[{"href":"https:\/\/agence-synea.com\/index.php\/wp-json\/wp\/v2\/pages"}],"about":[{"href":"https:\/\/agence-synea.com\/index.php\/wp-json\/wp\/v2\/types\/page"}],"author":[{"embeddable":true,"href":"https:\/\/agence-synea.com\/index.php\/wp-json\/wp\/v2\/users\/1"}],"replies":[{"embeddable":true,"href":"https:\/\/agence-synea.com\/index.php\/wp-json\/wp\/v2\/comments?post=386"}],"version-history":[{"count":20,"href":"https:\/\/agence-synea.com\/index.php\/wp-json\/wp\/v2\/pages\/386\/revisions"}],"predecessor-version":[{"id":459,"href":"https:\/\/agence-synea.com\/index.php\/wp-json\/wp\/v2\/pages\/386\/revisions\/459"}],"wp:attachment":[{"href":"https:\/\/agence-synea.com\/index.php\/wp-json\/wp\/v2\/media?parent=386"}],"curies":[{"name":"wp","href":"https:\/\/api.w.org\/{rel}","templated":true}]}}