{"id":356,"date":"2025-10-20T16:47:37","date_gmt":"2025-10-20T14:47:37","guid":{"rendered":"https:\/\/agence-synea.com\/?page_id=356"},"modified":"2025-11-05T14:49:18","modified_gmt":"2025-11-05T13:49:18","slug":"mentions-legales","status":"publish","type":"page","link":"https:\/\/agence-synea.com\/index.php\/mentions-legales\/","title":{"rendered":"Mentions L\u00e9gales"},"content":{"rendered":"\n<h2 class=\"wp-block-heading\" id=\"mentions-lgales---agence-synea\">MENTIONS L\u00c9GALES &#8211; AGENCE SYNEA<\/h2>\n\n\n\n<p>Conform\u00e9ment aux dispositions de la&nbsp;<strong>loi n\u00b0 2004-575 du 21 juin 2004 pour la confiance dans l&rsquo;\u00e9conomie num\u00e9rique<\/strong>, il est pr\u00e9cis\u00e9 aux utilisateurs du site internet&nbsp;<a rel=\"noreferrer noopener\" target=\"_blank\" href=\"https:\/\/agence-synea.com\/\">https:\/\/agence-synea.com<\/a>&nbsp;l&rsquo;identit\u00e9 des diff\u00e9rents intervenants dans le cadre de sa r\u00e9alisation et de son suivi.<a rel=\"noreferrer noopener\" target=\"_blank\" href=\"https:\/\/www.legalplace.fr\/guides\/mentions-legales\/\"><\/a>\u200b<\/p>\n\n\n\n<h2 class=\"wp-block-heading\" id=\"1-diteur-du-site\">1. \u00c9DITEUR DU SITE<\/h2>\n\n\n\n<p>Le site&nbsp;<a rel=\"noreferrer noopener\" target=\"_blank\" href=\"https:\/\/agence-synea.com\/\">https:\/\/agence-synea.com<\/a>&nbsp;est \u00e9dit\u00e9 par :<a rel=\"noreferrer noopener\" target=\"_blank\" href=\"https:\/\/entreprendre.service-public.fr\/vosdroits\/F31228\"><\/a>\u200b<\/p>\n\n\n\n<p><strong>Agence Synea<\/strong><br>Forme juridique :&nbsp;EURL<br>Adresse du si\u00e8ge social : 9, rue Chateaubriand, 35410 Ch\u00e2teaugiron<br>T\u00e9l\u00e9phone : 06.64.88.17.37<br>Email :&nbsp;<a href=\"mailto:steeve.dumas@agence-synea.com\" target=\"_blank\" rel=\"noreferrer noopener\">steeve.dumas@agence-synea.com<\/a><\/p>\n\n\n\n<p>Capital social :&nbsp;1000\u20ac<br>Num\u00e9ro SIRET :&nbsp;988 679 676 00011 &#8211; R.C.S Rennes<\/p>\n\n\n\n<p><strong>Directeur de la publication<\/strong>&nbsp;: Steeve Dumas<br><strong>Responsable de la r\u00e9daction<\/strong>&nbsp;: Steeve Dumas<\/p>\n\n\n\n<h2 class=\"wp-block-heading\" id=\"2-hbergement\">2. H\u00c9BERGEMENT<\/h2>\n\n\n\n<p>Le site&nbsp;<a rel=\"noreferrer noopener\" target=\"_blank\" href=\"https:\/\/agence-synea.com\/\">https:\/\/agence-synea.com<\/a>&nbsp;est h\u00e9berg\u00e9 par :<a rel=\"noreferrer noopener\" target=\"_blank\" href=\"https:\/\/www.francenum.gouv.fr\/guides-et-conseils\/developpement-commercial\/site-web\/quelles-sont-les-mentions-legales-pour-un-site\"><\/a>\u200b<\/p>\n\n\n\n<p><strong>OVH SAS<\/strong><br>Soci\u00e9t\u00e9 par actions simplifi\u00e9e au capital de 10 174 560 \u20ac<br>RCS Lille M\u00e9tropole 424 761 419 00045<br>Code APE 2620Z<br>Si\u00e8ge social : 2, rue Kellermann &#8211; 59100 Roubaix &#8211; France<br>T\u00e9l\u00e9phone : 09 72 10 10 07<br>Site internet :&nbsp;<a rel=\"noreferrer noopener\" target=\"_blank\" href=\"https:\/\/www.ovhcloud.com\/\">https:\/\/www.ovhcloud.com<\/a><\/p>\n\n\n\n<h2 class=\"wp-block-heading\" id=\"3-nous-contacter\">3. NOUS CONTACTER<\/h2>\n\n\n\n<p>Pour toute question ou demande d&rsquo;information concernant le site, ou tout signalement de contenu ou d&rsquo;activit\u00e9s illicites, l&rsquo;utilisateur peut contacter l&rsquo;\u00e9diteur \u00e0 l&rsquo;adresse suivante :<a rel=\"noreferrer noopener\" target=\"_blank\" href=\"https:\/\/www.hellobankpro.fr\/fr\/actualites\/2025\/janvier\/mentions-legales-site-internet\"><\/a>\u200b<\/p>\n\n\n\n<p><strong>Par email :<\/strong>&nbsp;<a rel=\"noreferrer noopener\" target=\"_blank\" href=\"mailto:steeve.dumas@agence-synea.com\">steeve.dumas@agence-synea.com<\/a><br><strong>Par t\u00e9l\u00e9phone :<\/strong>&nbsp;06.64.88.17.37<br><strong>Par courrier postal :<\/strong>&nbsp;Agence Synea, 9, rue Chateaubriand, 35410 Ch\u00e2teaugiron<\/p>\n\n\n\n<h2 class=\"wp-block-heading\" id=\"4-proprit-intellectuelle\">4. PROPRI\u00c9T\u00c9 INTELLECTUELLE<\/h2>\n\n\n\n<p>L&rsquo;ensemble des contenus pr\u00e9sents sur le site&nbsp;<a rel=\"noreferrer noopener\" target=\"_blank\" href=\"https:\/\/agence-synea.com\/\">https:\/\/agence-synea.com<\/a>&nbsp;(textes, graphismes, logos, ic\u00f4nes, photographies, vid\u00e9os, sons, logiciels, structure, arborescence, charte graphique, base de donn\u00e9es, etc.) sont la propri\u00e9t\u00e9 exclusive de l&rsquo;Agence Synea ou font l&rsquo;objet d&rsquo;une autorisation d&rsquo;utilisation.<a rel=\"noreferrer noopener\" target=\"_blank\" href=\"https:\/\/bpifrance-creation.fr\/encyclopedie\/vendre-ligne\/obligations-juridiques-reglementaires\/mentions-legales-dun-site\"><\/a>\u200b<\/p>\n\n\n\n<p>Ces contenus sont prot\u00e9g\u00e9s par les dispositions du&nbsp;<strong>Code de la propri\u00e9t\u00e9 intellectuelle fran\u00e7ais<\/strong>&nbsp;et par les conventions internationales relatives \u00e0 la propri\u00e9t\u00e9 intellectuelle.<a rel=\"noreferrer noopener\" target=\"_blank\" href=\"https:\/\/www.shopify.com\/fr\/blog\/mentions-legales\"><\/a>\u200b<\/p>\n\n\n\n<p>Toute reproduction, repr\u00e9sentation, modification, publication, adaptation de tout ou partie des \u00e9l\u00e9ments du site, quel que soit le moyen ou le proc\u00e9d\u00e9 utilis\u00e9, est interdite, sauf autorisation \u00e9crite pr\u00e9alable de l&rsquo;Agence Synea.<a rel=\"noreferrer noopener\" target=\"_blank\" href=\"https:\/\/www.legalstart.fr\/fiches-pratiques\/proteger-une-creation\/mentions-legales\/\"><\/a>\u200b<\/p>\n\n\n\n<p>Toute exploitation non autoris\u00e9e du site ou de l&rsquo;un quelconque des \u00e9l\u00e9ments qu&rsquo;il contient sera consid\u00e9r\u00e9e comme constitutive d&rsquo;une contrefa\u00e7on et poursuivie conform\u00e9ment aux dispositions des&nbsp;<strong>articles L.335-2 et suivants du Code de la propri\u00e9t\u00e9 intellectuelle<\/strong>.<a rel=\"noreferrer noopener\" target=\"_blank\" href=\"https:\/\/www.legalplace.fr\/guides\/mentions-legales\/\"><\/a>\u200b<\/p>\n\n\n\n<p>Les marques et logos figurant sur le site sont des marques d\u00e9pos\u00e9es. Leur reproduction ou utilisation sans autorisation expresse et pr\u00e9alable est strictement interdite et constituerait une contrefa\u00e7on sanctionn\u00e9e par les articles L. 713-2 et suivants du Code de la propri\u00e9t\u00e9 intellectuelle.<a rel=\"noreferrer noopener\" target=\"_blank\" href=\"https:\/\/www.ecommerce-nation.fr\/mentions-legales-ecommerce\/\"><\/a>\u200b<\/p>\n\n\n\n<h2 class=\"wp-block-heading\" id=\"5-liens-hypertextes\">5. LIENS HYPERTEXTES<\/h2>\n\n\n\n<p>Le site&nbsp;<a rel=\"noreferrer noopener\" target=\"_blank\" href=\"https:\/\/agence-synea.com\/\">https:\/\/agence-synea.com<\/a>&nbsp;peut contenir des liens hypertextes vers d&rsquo;autres sites internet. L&rsquo;Agence Synea ne dispose d&rsquo;aucun moyen de contr\u00f4le sur le contenu de ces sites et d\u00e9cline toute responsabilit\u00e9 quant aux contenus et services propos\u00e9s par ces sites tiers.<a rel=\"noreferrer noopener\" target=\"_blank\" href=\"https:\/\/www.legalstart.fr\/fiches-pratiques\/proteger-une-creation\/mentions-legales\/\"><\/a>\u200b<\/p>\n\n\n\n<p>La cr\u00e9ation de liens hypertextes vers le site&nbsp;<a rel=\"noreferrer noopener\" target=\"_blank\" href=\"https:\/\/agence-synea.com\/\">https:\/\/agence-synea.com<\/a>&nbsp;est soumise \u00e0 l&rsquo;accord pr\u00e9alable de l&rsquo;Agence Synea. Pour toute demande, veuillez nous contacter \u00e0 l&rsquo;adresse :&nbsp;<a rel=\"noreferrer noopener\" target=\"_blank\" href=\"mailto:steeve.dumas@agence-synea.com\">steeve.dumas@agence-synea.com<\/a><a rel=\"noreferrer noopener\" target=\"_blank\" href=\"https:\/\/www.legalplace.fr\/guides\/mentions-legales\/\"><\/a>\u200b<\/p>\n\n\n\n<h2 class=\"wp-block-heading\" id=\"6-protection-des-donnes-personnelles\">6. PROTECTION DES DONN\u00c9ES PERSONNELLES<\/h2>\n\n\n\n<p>En conformit\u00e9 avec le&nbsp;<strong>R\u00e8glement G\u00e9n\u00e9ral sur la Protection des Donn\u00e9es (RGPD &#8211; R\u00e8glement UE 2016\/679)<\/strong>&nbsp;et la&nbsp;<strong>loi Informatique et Libert\u00e9s<\/strong>&nbsp;du 6 janvier 1978 modifi\u00e9e, l&rsquo;Agence Synea s&rsquo;engage \u00e0 prot\u00e9ger la vie priv\u00e9e des utilisateurs de son site.<a rel=\"noreferrer noopener\" target=\"_blank\" href=\"https:\/\/www.cnil.fr\/fr\/passer-laction\/rgpd-exemples-de-mentions-dinformation\"><\/a>\u200b<\/p>\n\n\n\n<p>Les informations d\u00e9taill\u00e9es concernant la collecte, le traitement, la conservation et la protection de vos donn\u00e9es personnelles sont disponibles dans notre&nbsp;<strong><a href=\"https:\/\/agence-synea.com\/index.php\/politique-de-confidentialite\/\" data-type=\"link\" data-id=\"https:\/\/agence-synea.com\/index.php\/politique-de-confidentialite\/\">Politique de Confidentialit\u00e9<\/a><\/strong><\/p>\n\n\n\n<p><strong>Responsable du traitement des donn\u00e9es :<\/strong><br>Agence Synea<br>9, rue Chateaubriand<br>35410 Ch\u00e2teaugiron<br>Email :&nbsp;<a rel=\"noreferrer noopener\" target=\"_blank\" href=\"mailto:steeve.dumas@agence-synea.com\">steeve.dumas@agence-synea.com<\/a><\/p>\n\n\n\n<p><strong>Droits des utilisateurs :<\/strong><br>Conform\u00e9ment aux articles 15 \u00e0 22 du RGPD, vous disposez d&rsquo;un droit d&rsquo;acc\u00e8s, de rectification, de suppression, de limitation, de portabilit\u00e9 et d&rsquo;opposition au traitement de vos donn\u00e9es personnelles. Vous pouvez exercer ces droits en nous contactant \u00e0 l&rsquo;adresse email indiqu\u00e9e ci-dessus.<a rel=\"noreferrer noopener\" target=\"_blank\" href=\"https:\/\/www.cnil.fr\/fr\/passer-laction\/rgpd-exemples-de-mentions-dinformation\"><\/a>\u200b<\/p>\n\n\n\n<p>En cas de difficult\u00e9, vous disposez \u00e9galement du droit d&rsquo;introduire une r\u00e9clamation aupr\u00e8s de la&nbsp;<strong>Commission Nationale de l&rsquo;Informatique et des Libert\u00e9s (CNIL)<\/strong>&nbsp;:<br>CNIL &#8211; 3 Place de Fontenoy, TSA 80715, 75334 Paris Cedex 07<br>T\u00e9l\u00e9phone : 01 53 73 22 22<br>Site internet :&nbsp;<a rel=\"noreferrer noopener\" target=\"_blank\" href=\"http:\/\/www.cnil.fr\/\">www.cnil.fr<\/a><\/p>\n\n\n\n<h2 class=\"wp-block-heading\" id=\"7-cookies-et-traceurs\">7. COOKIES ET TRACEURS<\/h2>\n\n\n\n<p>Le site&nbsp;<a rel=\"noreferrer noopener\" target=\"_blank\" href=\"https:\/\/agence-synea.com\/\">https:\/\/agence-synea.com<\/a>&nbsp;utilise des cookies conform\u00e9ment \u00e0 la r\u00e9glementation en vigueur.<a rel=\"noreferrer noopener\" target=\"_blank\" href=\"https:\/\/www.makethegrade.fr\/blog\/mentions-legales-site-b2b\"><\/a>\u200b<\/p>\n\n\n\n<p>Un cookie est un petit fichier texte d\u00e9pos\u00e9 sur votre terminal (ordinateur, smartphone, tablette) lors de la visite d&rsquo;un site internet. Il permet de m\u00e9moriser des informations relatives \u00e0 votre navigation.<a rel=\"noreferrer noopener\" target=\"_blank\" href=\"https:\/\/www.legalplace.fr\/guides\/mentions-legales\/\"><\/a>\u200b<\/p>\n\n\n\n<p><strong>Types de cookies utilis\u00e9s :<\/strong><\/p>\n\n\n\n<ul class=\"wp-block-list\">\n<li>Cookies strictement n\u00e9cessaires au fonctionnement du site<\/li>\n\n\n\n<li>Cookies de mesure d&rsquo;audience et statistiques<\/li>\n\n\n\n<li>Cookies de fonctionnalit\u00e9<\/li>\n<\/ul>\n\n\n\n<p>Lors de votre premi\u00e8re visite sur le site, un bandeau d&rsquo;information vous permet d&rsquo;accepter ou de refuser le d\u00e9p\u00f4t de cookies non essentiels.<a rel=\"noreferrer noopener\" target=\"_blank\" href=\"https:\/\/www.legalstart.fr\/fiches-pratiques\/proteger-une-creation\/mentions-legales\/\"><\/a>\u200b<\/p>\n\n\n\n<p>Pour plus d&rsquo;informations sur les cookies utilis\u00e9s, leur finalit\u00e9, leur dur\u00e9e de conservation et les moyens de les param\u00e9trer ou de les refuser, veuillez consulter notre&nbsp;<a href=\"https:\/\/agence-synea.com\/index.php\/politique-de-confidentialite\/\" data-type=\"link\" data-id=\"https:\/\/agence-synea.com\/index.php\/politique-de-confidentialite\/\">Politique de Confidentialit\u00e9<\/a>.<\/p>\n\n\n\n<h2 class=\"wp-block-heading\" id=\"8-droit-applicable-et-juridiction-comptente\">8. DROIT APPLICABLE ET JURIDICTION COMP\u00c9TENTE<\/h2>\n\n\n\n<p>Les pr\u00e9sentes mentions l\u00e9gales sont r\u00e9gies par le&nbsp;<strong>droit fran\u00e7ais<\/strong>.<a rel=\"noreferrer noopener\" target=\"_blank\" href=\"https:\/\/www.legalstart.fr\/fiches-pratiques\/proteger-une-creation\/mentions-legales\/\"><\/a>\u200b<\/p>\n\n\n\n<p>En cas de litige et \u00e0 d\u00e9faut d&rsquo;accord amiable, le litige sera port\u00e9 devant les tribunaux fran\u00e7ais conform\u00e9ment aux r\u00e8gles de comp\u00e9tence en vigueur.<a rel=\"noreferrer noopener\" target=\"_blank\" href=\"https:\/\/www.legalplace.fr\/guides\/mentions-legales\/\"><\/a>\u200b<\/p>\n\n\n\n<h2 class=\"wp-block-heading\" id=\"9-limitation-de-responsabilit\">9. LIMITATION DE RESPONSABILIT\u00c9<\/h2>\n\n\n\n<p>L&rsquo;Agence Synea s&rsquo;efforce d&rsquo;assurer l&rsquo;exactitude et la mise \u00e0 jour des informations diffus\u00e9es sur le site&nbsp;<a rel=\"noreferrer noopener\" target=\"_blank\" href=\"https:\/\/agence-synea.com\/\">https:\/\/agence-synea.com<\/a>. Toutefois, elle ne peut garantir l&rsquo;exactitude, la pr\u00e9cision ou l&rsquo;exhaustivit\u00e9 des informations mises \u00e0 disposition sur ce site.<a rel=\"noreferrer noopener\" target=\"_blank\" href=\"https:\/\/www.legalstart.fr\/fiches-pratiques\/proteger-une-creation\/mentions-legales\/\"><\/a>\u200b<\/p>\n\n\n\n<p>En cons\u00e9quence, l&rsquo;Agence Synea d\u00e9cline toute responsabilit\u00e9 :<a rel=\"noreferrer noopener\" target=\"_blank\" href=\"https:\/\/www.legalplace.fr\/guides\/mentions-legales\/\"><\/a>\u200b<\/p>\n\n\n\n<ul class=\"wp-block-list\">\n<li>Pour toute impr\u00e9cision, inexactitude ou omission portant sur des informations disponibles sur le site<\/li>\n\n\n\n<li>Pour tous dommages r\u00e9sultant d&rsquo;une intrusion frauduleuse d&rsquo;un tiers ayant entra\u00een\u00e9 une modification des informations mises \u00e0 disposition sur le site<\/li>\n\n\n\n<li>Pour tous dommages directs ou indirects, quelles qu&rsquo;en soient les causes, origines, natures ou cons\u00e9quences, provoqu\u00e9s en raison de l&rsquo;acc\u00e8s de quiconque au site ou de l&rsquo;impossibilit\u00e9 d&rsquo;y acc\u00e9der<\/li>\n\n\n\n<li>Pour l&rsquo;utilisation du site et\/ou du cr\u00e9dit accord\u00e9 \u00e0 une quelconque information provenant directement ou indirectement de ce dernier<\/li>\n<\/ul>\n\n\n\n<p>L&rsquo;Agence Synea met en \u0153uvre tous les moyens raisonnables \u00e0 sa disposition pour assurer un acc\u00e8s de qualit\u00e9 au site. Cependant, elle ne peut garantir la disponibilit\u00e9 du site et se r\u00e9serve le droit d&rsquo;interrompre l&rsquo;acc\u00e8s au site, notamment pour des raisons de maintenance, de mise \u00e0 jour ou pour toute autre raison (technique ou \u00e9ditoriale) sans que cette interruption puisse ouvrir droit \u00e0 une quelconque obligation ou indemnisation.<a rel=\"noreferrer noopener\" target=\"_blank\" href=\"https:\/\/www.legalplace.fr\/guides\/mentions-legales\/\"><\/a>\u200b<\/p>\n\n\n\n<p>L&rsquo;Agence Synea ne peut \u00eatre tenue responsable de l&rsquo;utilisation qui pourrait \u00eatre faite des informations et contenus pr\u00e9sents sur le site&nbsp;<a rel=\"noreferrer noopener\" target=\"_blank\" href=\"https:\/\/agence-synea.com.\/\">https:\/\/agence-synea.com.<\/a><a rel=\"noreferrer noopener\" target=\"_blank\" href=\"https:\/\/www.legalstart.fr\/fiches-pratiques\/proteger-une-creation\/mentions-legales\/\"><\/a>\u200b<\/p>\n\n\n\n<h2 class=\"wp-block-heading\" id=\"11-accessibilit\">10. ACCESSIBILIT\u00c9<\/h2>\n\n\n\n<p>L&rsquo;Agence Synea s&rsquo;engage \u00e0 rendre son site internet accessible conform\u00e9ment \u00e0 l&rsquo;article 47 de la&nbsp;<strong>loi n\u00b0 2005-102 du 11 f\u00e9vrier 2005<\/strong>&nbsp;et au&nbsp;<strong>d\u00e9cret n\u00b0 2019-768 du 24 juillet 2019<\/strong>.<a rel=\"noreferrer noopener\" target=\"_blank\" href=\"https:\/\/www.conselio.com\/2025\/09\/11\/nouvelle-norme-obligatoire-pour-les-sites-web-ce-qui-change-depuis-juin-2025-en-france\/\"><\/a>\u200b<\/p>\n\n\n\n<h2 class=\"wp-block-heading\" id=\"informations-lgales-complmentaires\">INFORMATIONS L\u00c9GALES COMPL\u00c9MENTAIRES<\/h2>\n\n\n\n<p>Conform\u00e9ment \u00e0 l&rsquo;article 6 de la loi n\u00b0 2004-575 du 21 juin 2004 pour la confiance dans l&rsquo;\u00e9conomie num\u00e9rique, les \u00e9l\u00e9ments suivants sont \u00e9galement port\u00e9s \u00e0 la connaissance du public :<a rel=\"noreferrer noopener\" target=\"_blank\" href=\"https:\/\/www.legalife.fr\/modeles\/mentions-legales\/\"><\/a>\u200b<\/p>\n\n\n\n<ul class=\"wp-block-list\">\n<li>Les informations nominatives recueillies sur le site ne sont en aucun cas c\u00e9d\u00e9es \u00e0 des tiers<\/li>\n\n\n\n<li>L&rsquo;utilisateur dispose d&rsquo;un droit d&rsquo;acc\u00e8s, de modification et de suppression des donn\u00e9es le concernant<\/li>\n\n\n\n<li>Les donn\u00e9es personnelles collect\u00e9es sont conserv\u00e9es pour la dur\u00e9e strictement n\u00e9cessaire aux finalit\u00e9s poursuivies<\/li>\n<\/ul>\n\n\n\n<h2 class=\"wp-block-heading\" id=\"textes-de-rfrence\">TEXTES DE R\u00c9F\u00c9RENCE<\/h2>\n\n\n\n<p>Les pr\u00e9sentes mentions l\u00e9gales sont \u00e9tablies conform\u00e9ment aux dispositions suivantes :<a rel=\"noreferrer noopener\" target=\"_blank\" href=\"https:\/\/www.makethegrade.fr\/blog\/mentions-legales-site-b2b\"><\/a>\u200b<\/p>\n\n\n\n<ul class=\"wp-block-list\">\n<li><strong>Loi n\u00b0 2004-575 du 21 juin 2004<\/strong>&nbsp;pour la confiance dans l&rsquo;\u00e9conomie num\u00e9rique (LCEN)<\/li>\n\n\n\n<li><strong>Loi n\u00b0 78-17 du 6 janvier 1978<\/strong>&nbsp;relative \u00e0 l&rsquo;informatique, aux fichiers et aux libert\u00e9s (Loi Informatique et Libert\u00e9s), modifi\u00e9e par la loi n\u00b0 2018-493 du 20 juin 2018<\/li>\n\n\n\n<li><strong>R\u00e8glement (UE) 2016\/679<\/strong>&nbsp;du Parlement europ\u00e9en et du Conseil du 27 avril 2016 (RGPD)<\/li>\n\n\n\n<li><strong>Directive 2002\/58\/CE<\/strong>&nbsp;du Parlement europ\u00e9en et du Conseil du 12 juillet 2002 concernant le traitement des donn\u00e9es \u00e0 caract\u00e8re personnel et la protection de la vie priv\u00e9e dans le secteur des communications \u00e9lectroniques<\/li>\n\n\n\n<li><strong>Loi n\u00b0 2005-102 du 11 f\u00e9vrier 2005<\/strong>&nbsp;pour l&rsquo;\u00e9galit\u00e9 des droits et des chances, la participation et la citoyennet\u00e9 des personnes handicap\u00e9es (accessibilit\u00e9 num\u00e9rique)<\/li>\n\n\n\n<li><strong>D\u00e9cret n\u00b0 2019-768 du 24 juillet 2019<\/strong>&nbsp;relatif \u00e0 l&rsquo;accessibilit\u00e9 aux personnes handicap\u00e9es des services de communication au public en ligne<\/li>\n<\/ul>\n\n\n\n<p><strong>Date d\u2019entr\u00e9e en vigueur : 20 octobre 2025<\/strong><\/p>\n","protected":false},"excerpt":{"rendered":"<p>MENTIONS L\u00c9GALES &#8211; AGENCE SYNEA Conform\u00e9ment aux dispositions de la&nbsp;loi n\u00b0 2004-575 du 21 juin 2004 pour la confiance dans l&rsquo;\u00e9conomie num\u00e9rique, il est pr\u00e9cis\u00e9 aux utilisateurs du site internet&nbsp;https:\/\/agence-synea.com&nbsp;l&rsquo;identit\u00e9 des diff\u00e9rents intervenants dans le cadre de sa r\u00e9alisation et de son suivi.\u200b 1. \u00c9DITEUR DU SITE Le site&nbsp;https:\/\/agence-synea.com&nbsp;est \u00e9dit\u00e9 par :\u200b Agence SyneaForme juridique [&hellip;]<\/p>\n","protected":false},"author":1,"featured_media":0,"parent":0,"menu_order":0,"comment_status":"closed","ping_status":"closed","template":"","meta":{"footnotes":""},"class_list":["post-356","page","type-page","status-publish","hentry"],"_links":{"self":[{"href":"https:\/\/agence-synea.com\/index.php\/wp-json\/wp\/v2\/pages\/356","targetHints":{"allow":["GET"]}}],"collection":[{"href":"https:\/\/agence-synea.com\/index.php\/wp-json\/wp\/v2\/pages"}],"about":[{"href":"https:\/\/agence-synea.com\/index.php\/wp-json\/wp\/v2\/types\/page"}],"author":[{"embeddable":true,"href":"https:\/\/agence-synea.com\/index.php\/wp-json\/wp\/v2\/users\/1"}],"replies":[{"embeddable":true,"href":"https:\/\/agence-synea.com\/index.php\/wp-json\/wp\/v2\/comments?post=356"}],"version-history":[{"count":3,"href":"https:\/\/agence-synea.com\/index.php\/wp-json\/wp\/v2\/pages\/356\/revisions"}],"predecessor-version":[{"id":448,"href":"https:\/\/agence-synea.com\/index.php\/wp-json\/wp\/v2\/pages\/356\/revisions\/448"}],"wp:attachment":[{"href":"https:\/\/agence-synea.com\/index.php\/wp-json\/wp\/v2\/media?parent=356"}],"curies":[{"name":"wp","href":"https:\/\/api.w.org\/{rel}","templated":true}]}}