{"id":298,"date":"2025-10-16T16:39:57","date_gmt":"2025-10-16T14:39:57","guid":{"rendered":"https:\/\/agence-synea.com\/?page_id=298"},"modified":"2025-11-05T14:53:38","modified_gmt":"2025-11-05T13:53:38","slug":"nous-contacter","status":"publish","type":"page","link":"https:\/\/agence-synea.com\/index.php\/nous-contacter\/","title":{"rendered":"Nous contacter"},"content":{"rendered":"\n<h2 class=\"wp-block-heading has-text-align-left\">Transformez vos ambitions en succ\u00e8s<\/h2>\n\n\n\n<div style=\"height:20px\" aria-hidden=\"true\" class=\"wp-block-spacer\"><\/div>\n\n\n\n<h3 class=\"wp-block-heading has-text-align-center has-primary-color has-text-color has-link-color wp-elements-e77af6b55ea1f05f7c5a92b2c1b6097a\">Envie de donner vie \u00e0 vos projets pour engager vos \u00e9quipes ?<\/h3>\n\n\n\n<div class=\"wp-block-columns is-layout-flex wp-container-core-columns-is-layout-28f84493 wp-block-columns-is-layout-flex\">\n<div class=\"wp-block-column is-layout-flow wp-block-column-is-layout-flow\">\n<p><strong>Chaque projet est unique<\/strong> et m\u00e9rite une attention enti\u00e8rement d\u00e9di\u00e9e. l&rsquo;agence Synea, c&rsquo;est la conviction qu\u2019<strong>une approche sur-mesure <\/strong>est la cl\u00e9 du succ\u00e8s. <br><br>Que ce soit pour <strong>engager vos \u00e9quipes <\/strong>autour d\u2019un projet mobilisateur, faciliter la transformation digitale, am\u00e9liorer l\u2019exp\u00e9rience collaborateur ou <strong>booster la performance<\/strong> collective, l&rsquo;agence saura adapter son accompagnement \u00e0 vos d\u00e9fis.<\/p>\n<\/div>\n\n\n\n<div class=\"wp-block-column is-vertically-aligned-center is-layout-flow wp-block-column-is-layout-flow\">\n<figure class=\"wp-block-image aligncenter size-full is-resized\"><img fetchpriority=\"high\" decoding=\"async\" width=\"1500\" height=\"1800\" src=\"https:\/\/agence-synea.com\/wp-content\/uploads\/2025\/10\/Design-sans-titre-4.png\" alt=\"\" class=\"wp-image-332\" style=\"width:313px;height:auto\" srcset=\"https:\/\/agence-synea.com\/wp-content\/uploads\/2025\/10\/Design-sans-titre-4.png 1500w, https:\/\/agence-synea.com\/wp-content\/uploads\/2025\/10\/Design-sans-titre-4-250x300.png 250w, https:\/\/agence-synea.com\/wp-content\/uploads\/2025\/10\/Design-sans-titre-4-853x1024.png 853w, https:\/\/agence-synea.com\/wp-content\/uploads\/2025\/10\/Design-sans-titre-4-768x922.png 768w, https:\/\/agence-synea.com\/wp-content\/uploads\/2025\/10\/Design-sans-titre-4-1280x1536.png 1280w\" sizes=\"(max-width: 1500px) 100vw, 1500px\" \/><\/figure>\n<\/div>\n<\/div>\n\n\n\n<p class=\"has-text-align-center\">L\u2019histoire de l&rsquo;agence Synea, c\u2019est une histoire humaine, anim\u00e9e par la volont\u00e9 de placer les personnes au c\u0153ur de la strat\u00e9gie, tout en veillant \u00e0 l\u2019excellence du r\u00e9sultat. <strong>Proximit\u00e9, \u00e9coute active, et culture du sur-mesure<\/strong> forment la promesse l&rsquo;agence Synea.<\/p>\n\n\n\n<div style=\"height:20px\" aria-hidden=\"true\" class=\"wp-block-spacer\"><\/div>\n\n\n<style id=\"wpforms-css-vars-288-block-b37d17c4-1f0b-4d7b-b89d-19db16c53b43\">\n\t\t\t\t#wpforms-288.wpforms-block-b37d17c4-1f0b-4d7b-b89d-19db16c53b43 {\n\t\t\t\t--wpforms-field-size-input-height: 43px;\n--wpforms-field-size-input-spacing: 15px;\n--wpforms-field-size-font-size: 16px;\n--wpforms-field-size-line-height: 19px;\n--wpforms-field-size-padding-h: 14px;\n--wpforms-field-size-checkbox-size: 16px;\n--wpforms-field-size-sublabel-spacing: 5px;\n--wpforms-field-size-icon-size: 1;\n--wpforms-label-size-font-size: 16px;\n--wpforms-label-size-line-height: 19px;\n--wpforms-label-size-sublabel-font-size: 14px;\n--wpforms-label-size-sublabel-line-height: 17px;\n--wpforms-button-size-font-size: 17px;\n--wpforms-button-size-height: 41px;\n--wpforms-button-size-padding-h: 15px;\n--wpforms-button-size-margin-top: 10px;\n\t\t\t}\n\t\t\t<\/style><div class=\"wpforms-container wpforms-container-full wpforms-block wpforms-block-b37d17c4-1f0b-4d7b-b89d-19db16c53b43 wpforms-render-modern\" id=\"wpforms-288\"><form id=\"wpforms-form-288\" class=\"wpforms-validate wpforms-form wpforms-ajax-form\" data-formid=\"288\" method=\"post\" enctype=\"multipart\/form-data\" action=\"\/index.php\/wp-json\/wp\/v2\/pages\/298\" data-token=\"f484dce6a1e4ebec5a7a78b516cc3016\" data-token-time=\"1776375026\"><noscript class=\"wpforms-error-noscript\">Veuillez activer JavaScript dans votre navigateur pour remplir ce formulaire.<\/noscript><div id=\"wpforms-error-noscript\" style=\"display: none;\">Veuillez activer JavaScript dans votre navigateur pour remplir ce formulaire.<\/div><div class=\"wpforms-field-container\">\t\t<div id=\"wpforms-288-field_3-container\"\n\t\t\tclass=\"wpforms-field wpforms-field-text\"\n\t\t\tdata-field-type=\"text\"\n\t\t\tdata-field-id=\"3\"\n\t\t\t>\n\t\t\t<label class=\"wpforms-field-label\" for=\"wpforms-288-field_3\" >&amp; l&#039;entreprise Nom<\/label>\n\t\t\t<input type=\"text\" id=\"wpforms-288-field_3\" class=\"wpforms-field-medium\" name=\"wpforms[fields][3]\" >\n\t\t<\/div>\n\t\t<div id=\"wpforms-288-field_1-container\" class=\"wpforms-field wpforms-field-name\" data-field-id=\"1\"><fieldset><legend class=\"wpforms-field-label\">Pr\u00e9nom &amp; Nom <span class=\"wpforms-required-label\" aria-hidden=\"true\">*<\/span><\/legend><div class=\"wpforms-field-row wpforms-field-medium\"><div class=\"wpforms-field-row-block wpforms-first wpforms-one-half\"><input type=\"text\" id=\"wpforms-288-field_1\" class=\"wpforms-field-name-first wpforms-field-required\" name=\"wpforms[fields][1][first]\" aria-errormessage=\"wpforms-288-field_1-error\" required><label for=\"wpforms-288-field_1\" class=\"wpforms-field-sublabel after\">Pr\u00e9nom<\/label><\/div><div class=\"wpforms-field-row-block wpforms-one-half\"><input type=\"text\" id=\"wpforms-288-field_1-last\" class=\"wpforms-field-name-last wpforms-field-required\" name=\"wpforms[fields][1][last]\" aria-errormessage=\"wpforms-288-field_1-last-error\" required><label for=\"wpforms-288-field_1-last\" class=\"wpforms-field-sublabel after\">Nom<\/label><\/div><\/div><\/fieldset><\/div><div id=\"wpforms-288-field_2-container\" class=\"wpforms-field wpforms-field-email\" data-field-id=\"2\"><label class=\"wpforms-field-label\" for=\"wpforms-288-field_2\">Adresse E-mail <span class=\"wpforms-required-label\" aria-hidden=\"true\">*<\/span><\/label><input type=\"email\" id=\"wpforms-288-field_2\" class=\"wpforms-field-medium wpforms-field-required\" name=\"wpforms[fields][2]\" spellcheck=\"false\" aria-errormessage=\"wpforms-288-field_2-error\" required><\/div><div id=\"wpforms-288-field_5-container\" class=\"wpforms-field wpforms-field-text\" data-field-id=\"5\"><label class=\"wpforms-field-label\" for=\"wpforms-288-field_5\">Nom de l&#039;entreprise <span class=\"wpforms-required-label\" aria-hidden=\"true\">*<\/span><\/label><input type=\"text\" id=\"wpforms-288-field_5\" class=\"wpforms-field-medium wpforms-field-required\" name=\"wpforms[fields][5]\" aria-errormessage=\"wpforms-288-field_5-error\" required><\/div><div id=\"wpforms-288-field_4-container\" class=\"wpforms-field wpforms-field-textarea\" data-field-id=\"4\"><label class=\"wpforms-field-label\" for=\"wpforms-288-field_4\">Votre message<\/label><textarea id=\"wpforms-288-field_4\" class=\"wpforms-field-medium\" name=\"wpforms[fields][4]\" aria-errormessage=\"wpforms-288-field_4-error\" ><\/textarea><\/div><script>\n\t\t\t\t( function() {\n\t\t\t\t\tconst style = document.createElement( 'style' );\n\t\t\t\t\tstyle.appendChild( document.createTextNode( '#wpforms-288-field_3-container { position: absolute !important; overflow: hidden !important; display: inline !important; height: 1px !important; width: 1px !important; z-index: -1000 !important; padding: 0 !important; } #wpforms-288-field_3-container input { visibility: hidden; } #wpforms-conversational-form-page #wpforms-288-field_3-container label { counter-increment: none; }' ) );\n\t\t\t\t\tdocument.head.appendChild( style );\n\t\t\t\t\tdocument.currentScript?.remove();\n\t\t\t\t} )();\n\t\t\t<\/script><\/div><!-- .wpforms-field-container --><div class=\"wpforms-submit-container\" ><input type=\"hidden\" name=\"wpforms[id]\" value=\"288\"><input type=\"hidden\" name=\"page_title\" value=\"\"><input type=\"hidden\" name=\"page_url\" value=\"https:\/\/agence-synea.com\/index.php\/wp-json\/wp\/v2\/pages\/298\"><input type=\"hidden\" name=\"url_referer\" value=\"\"><button type=\"submit\" name=\"wpforms[submit]\" id=\"wpforms-submit-288\" class=\"wpforms-submit\" data-alt-text=\"Envoi...\" data-submit-text=\"Envoyer\" aria-live=\"assertive\" value=\"wpforms-submit\">Envoyer<\/button><img decoding=\"async\" src=\"https:\/\/agence-synea.com\/wp-content\/plugins\/wpforms-lite\/assets\/images\/submit-spin.svg\" class=\"wpforms-submit-spinner\" style=\"display: none;\" width=\"26\" height=\"26\" alt=\"Chargement en cours\"><\/div><\/form><\/div>  <!-- .wpforms-container -->","protected":false},"excerpt":{"rendered":"<p>Transformez vos ambitions en succ\u00e8s Envie de donner vie \u00e0 vos projets pour engager vos \u00e9quipes ? Chaque projet est unique et m\u00e9rite une attention enti\u00e8rement d\u00e9di\u00e9e. l&rsquo;agence Synea, c&rsquo;est la conviction qu\u2019une approche sur-mesure est la cl\u00e9 du succ\u00e8s. Que ce soit pour engager vos \u00e9quipes autour d\u2019un projet mobilisateur, faciliter la transformation digitale, [&hellip;]<\/p>\n","protected":false},"author":1,"featured_media":0,"parent":0,"menu_order":0,"comment_status":"closed","ping_status":"closed","template":"","meta":{"footnotes":""},"class_list":["post-298","page","type-page","status-publish","hentry"],"_links":{"self":[{"href":"https:\/\/agence-synea.com\/index.php\/wp-json\/wp\/v2\/pages\/298","targetHints":{"allow":["GET"]}}],"collection":[{"href":"https:\/\/agence-synea.com\/index.php\/wp-json\/wp\/v2\/pages"}],"about":[{"href":"https:\/\/agence-synea.com\/index.php\/wp-json\/wp\/v2\/types\/page"}],"author":[{"embeddable":true,"href":"https:\/\/agence-synea.com\/index.php\/wp-json\/wp\/v2\/users\/1"}],"replies":[{"embeddable":true,"href":"https:\/\/agence-synea.com\/index.php\/wp-json\/wp\/v2\/comments?post=298"}],"version-history":[{"count":23,"href":"https:\/\/agence-synea.com\/index.php\/wp-json\/wp\/v2\/pages\/298\/revisions"}],"predecessor-version":[{"id":453,"href":"https:\/\/agence-synea.com\/index.php\/wp-json\/wp\/v2\/pages\/298\/revisions\/453"}],"wp:attachment":[{"href":"https:\/\/agence-synea.com\/index.php\/wp-json\/wp\/v2\/media?parent=298"}],"curies":[{"name":"wp","href":"https:\/\/api.w.org\/{rel}","templated":true}]}}